{"id":1808,"date":"2023-12-01T09:33:18","date_gmt":"2023-12-01T07:33:18","guid":{"rendered":"https:\/\/www.xnce.com\/moi-gioi-da-tai-san\/"},"modified":"2024-07-11T11:01:46","modified_gmt":"2024-07-11T09:01:46","slug":"multi-asset-broker","status":"publish","type":"page","link":"https:\/\/www.xnce.com\/vi\/","title":{"rendered":"Trang ch\u1ee7"},"content":{"rendered":"<h1>C\u1ed5ng c\u1ee7a b\u1ea1n<br \/>\n\u0111\u1ebfn Giao d\u1ecbch Xu\u1ea5t s\u1eafc<\/h1>\n<p>Trao quy\u1ec1n cho h\u00e0nh tr\u00ecnh c\u1ee7a b\u1ea1n v\u1edbi c\u00f4ng ngh\u1ec7 ti\u00ean ti\u1ebfn, chi ph\u00ed c\u1ef1c th\u1ea5p v\u00e0 kh\u1ea3 n\u0103ng th\u1ef1c thi nhanh nh\u01b0 ch\u1edbp<\/p>\n","protected":false},"excerpt":{"rendered":"<p>C\u1ed5ng c\u1ee7a b\u1ea1n \u0111\u1ebfn Giao d\u1ecbch Xu\u1ea5t s\u1eafc Trao quy\u1ec1n cho h\u00e0nh tr\u00ecnh c\u1ee7a b\u1ea1n v\u1edbi c\u00f4ng ngh\u1ec7 ti\u00ean ti\u1ebfn,&#8230;<\/p>\n","protected":false},"author":1,"featured_media":1825,"parent":0,"menu_order":0,"comment_status":"closed","ping_status":"closed","template":"","meta":{"_monsterinsights_skip_tracking":false,"_monsterinsights_sitenote_active":false,"_monsterinsights_sitenote_note":"","_monsterinsights_sitenote_category":0,"footnotes":""},"class_list":["post-1808","page","type-page","status-publish","has-post-thumbnail","hentry"],"yoast_head":"<!-- This site is optimized with the Yoast SEO plugin v26.6 - https:\/\/yoast.com\/wordpress\/plugins\/seo\/ -->\n<title>Trang ch\u1ee7 | Ultra-Low Spread ECN Broker | XNCE<\/title>\n<meta name=\"description\" content=\"Giao d\u1ecbch v\u1edbi Nh\u00e0 m\u00f4i gi\u1edbi \u0111a t\u00e0i s\u1ea3n h\u00e0ng \u0111\u1ea7u v\u00e0 m\u1edf kh\u00f3a m\u1ed9t th\u1ebf gi\u1edbi kh\u1ea3 n\u0103ng t\u1ea1i NCE.\" \/>\n<meta name=\"robots\" content=\"index, follow, max-snippet:-1, max-image-preview:large, max-video-preview:-1\" \/>\n<link rel=\"canonical\" href=\"https:\/\/www.xnce.com\/vi\/moi-gioi-da-tai-san\/\" \/>\n<meta property=\"og:locale\" content=\"vi_VN\" \/>\n<meta property=\"og:type\" content=\"article\" \/>\n<meta property=\"og:title\" content=\"Trang ch\u1ee7 | Ultra-Low Spread ECN Broker | XNCE\" \/>\n<meta property=\"og:description\" content=\"M\u1edf kh\u00f3a m\u1ed9t th\u1ebf gi\u1edbi kh\u1ea3 n\u0103ng t\u1ea1i NCE. \u0110i s\u00e2u v\u00e0o th\u1ecb tr\u01b0\u1eddng to\u00e0n c\u1ea7u v\u1edbi nhi\u1ec1u lo\u1ea1i c\u00f4ng c\u1ee5 CFD c\u1ee7a ch\u00fang t\u00f4i.\" \/>\n<meta property=\"og:url\" content=\"https:\/\/www.xnce.com\/vi\/moi-gioi-da-tai-san\/\" \/>\n<meta property=\"og:site_name\" content=\"Ultra-low spread ECN broker | XNCE\" \/>\n<meta property=\"article:modified_time\" content=\"2024-07-11T09:01:46+00:00\" \/>\n<meta property=\"og:image\" content=\"https:\/\/www.xnce.com\/wp-content\/uploads\/2023\/12\/hd_home-2.jpg\" \/>\n\t<meta property=\"og:image:width\" content=\"1920\" \/>\n\t<meta property=\"og:image:height\" content=\"1080\" \/>\n\t<meta property=\"og:image:type\" content=\"image\/jpeg\" \/>\n<meta name=\"twitter:card\" content=\"summary_large_image\" \/>\n<script type=\"application\/ld+json\" class=\"yoast-schema-graph\">{\"@context\":\"https:\/\/schema.org\",\"@graph\":[{\"@type\":\"WebPage\",\"@id\":\"https:\/\/www.xnce.com\/vi\/moi-gioi-da-tai-san\/\",\"url\":\"https:\/\/www.xnce.com\/vi\/moi-gioi-da-tai-san\/\",\"name\":\"Trang ch\u1ee7 | Ultra-Low Spread ECN Broker | XNCE\",\"isPartOf\":{\"@id\":\"https:\/\/www.xnce.com\/#website\"},\"primaryImageOfPage\":{\"@id\":\"https:\/\/www.xnce.com\/vi\/moi-gioi-da-tai-san\/#primaryimage\"},\"image\":{\"@id\":\"https:\/\/www.xnce.com\/vi\/moi-gioi-da-tai-san\/#primaryimage\"},\"thumbnailUrl\":\"https:\/\/www.xnce.com\/wp-content\/uploads\/2023\/12\/hd_home-2.jpg\",\"datePublished\":\"2023-12-01T07:33:18+00:00\",\"dateModified\":\"2024-07-11T09:01:46+00:00\",\"description\":\"Giao d\u1ecbch v\u1edbi Nh\u00e0 m\u00f4i gi\u1edbi \u0111a t\u00e0i s\u1ea3n h\u00e0ng \u0111\u1ea7u v\u00e0 m\u1edf kh\u00f3a m\u1ed9t th\u1ebf gi\u1edbi kh\u1ea3 n\u0103ng t\u1ea1i NCE.\",\"breadcrumb\":{\"@id\":\"https:\/\/www.xnce.com\/vi\/moi-gioi-da-tai-san\/#breadcrumb\"},\"inLanguage\":\"vi-VN\",\"potentialAction\":[{\"@type\":\"ReadAction\",\"target\":[\"https:\/\/www.xnce.com\/vi\/moi-gioi-da-tai-san\/\"]}]},{\"@type\":\"ImageObject\",\"inLanguage\":\"vi-VN\",\"@id\":\"https:\/\/www.xnce.com\/vi\/moi-gioi-da-tai-san\/#primaryimage\",\"url\":\"https:\/\/www.xnce.com\/wp-content\/uploads\/2023\/12\/hd_home-2.jpg\",\"contentUrl\":\"https:\/\/www.xnce.com\/wp-content\/uploads\/2023\/12\/hd_home-2.jpg\",\"width\":1920,\"height\":1080},{\"@type\":\"BreadcrumbList\",\"@id\":\"https:\/\/www.xnce.com\/vi\/moi-gioi-da-tai-san\/#breadcrumb\",\"itemListElement\":[{\"@type\":\"ListItem\",\"position\":1,\"name\":\"Home\",\"item\":\"https:\/\/www.xnce.com\/vi\/moi-gioi-da-tai-san\/\"},{\"@type\":\"ListItem\",\"position\":2,\"name\":\"Trang ch\u1ee7\"}]},{\"@type\":\"WebSite\",\"@id\":\"https:\/\/www.xnce.com\/#website\",\"url\":\"https:\/\/www.xnce.com\/\",\"name\":\"NCE\",\"description\":\"\",\"publisher\":{\"@id\":\"https:\/\/www.xnce.com\/#organization\"},\"potentialAction\":[{\"@type\":\"SearchAction\",\"target\":{\"@type\":\"EntryPoint\",\"urlTemplate\":\"https:\/\/www.xnce.com\/?s={search_term_string}\"},\"query-input\":{\"@type\":\"PropertyValueSpecification\",\"valueRequired\":true,\"valueName\":\"search_term_string\"}}],\"inLanguage\":\"vi-VN\"},{\"@type\":\"Organization\",\"@id\":\"https:\/\/www.xnce.com\/#organization\",\"name\":\"NCE\",\"url\":\"https:\/\/www.xnce.com\/\",\"logo\":{\"@type\":\"ImageObject\",\"inLanguage\":\"vi-VN\",\"@id\":\"https:\/\/www.xnce.com\/#\/schema\/logo\/image\/\",\"url\":\"https:\/\/www.xnce.com\/wp-content\/uploads\/2024\/02\/logo.png\",\"contentUrl\":\"https:\/\/www.xnce.com\/wp-content\/uploads\/2024\/02\/logo.png\",\"width\":185,\"height\":50,\"caption\":\"NCE\"},\"image\":{\"@id\":\"https:\/\/www.xnce.com\/#\/schema\/logo\/image\/\"}}]}<\/script>\n<!-- \/ Yoast SEO plugin. -->","yoast_head_json":{"title":"Trang ch\u1ee7 | Ultra-Low Spread ECN Broker | XNCE","description":"Giao d\u1ecbch v\u1edbi Nh\u00e0 m\u00f4i gi\u1edbi \u0111a t\u00e0i s\u1ea3n h\u00e0ng \u0111\u1ea7u v\u00e0 m\u1edf kh\u00f3a m\u1ed9t th\u1ebf gi\u1edbi kh\u1ea3 n\u0103ng t\u1ea1i NCE.","robots":{"index":"index","follow":"follow","max-snippet":"max-snippet:-1","max-image-preview":"max-image-preview:large","max-video-preview":"max-video-preview:-1"},"canonical":"https:\/\/www.xnce.com\/vi\/moi-gioi-da-tai-san\/","og_locale":"vi_VN","og_type":"article","og_title":"Trang ch\u1ee7 | Ultra-Low Spread ECN Broker | XNCE","og_description":"M\u1edf kh\u00f3a m\u1ed9t th\u1ebf gi\u1edbi kh\u1ea3 n\u0103ng t\u1ea1i NCE. \u0110i s\u00e2u v\u00e0o th\u1ecb tr\u01b0\u1eddng to\u00e0n c\u1ea7u v\u1edbi nhi\u1ec1u lo\u1ea1i c\u00f4ng c\u1ee5 CFD c\u1ee7a ch\u00fang t\u00f4i.","og_url":"https:\/\/www.xnce.com\/vi\/moi-gioi-da-tai-san\/","og_site_name":"Ultra-low spread ECN broker | XNCE","article_modified_time":"2024-07-11T09:01:46+00:00","og_image":[{"width":1920,"height":1080,"url":"https:\/\/www.xnce.com\/wp-content\/uploads\/2023\/12\/hd_home-2.jpg","type":"image\/jpeg"}],"twitter_card":"summary_large_image","schema":{"@context":"https:\/\/schema.org","@graph":[{"@type":"WebPage","@id":"https:\/\/www.xnce.com\/vi\/moi-gioi-da-tai-san\/","url":"https:\/\/www.xnce.com\/vi\/moi-gioi-da-tai-san\/","name":"Trang ch\u1ee7 | Ultra-Low Spread ECN Broker | XNCE","isPartOf":{"@id":"https:\/\/www.xnce.com\/#website"},"primaryImageOfPage":{"@id":"https:\/\/www.xnce.com\/vi\/moi-gioi-da-tai-san\/#primaryimage"},"image":{"@id":"https:\/\/www.xnce.com\/vi\/moi-gioi-da-tai-san\/#primaryimage"},"thumbnailUrl":"https:\/\/www.xnce.com\/wp-content\/uploads\/2023\/12\/hd_home-2.jpg","datePublished":"2023-12-01T07:33:18+00:00","dateModified":"2024-07-11T09:01:46+00:00","description":"Giao d\u1ecbch v\u1edbi Nh\u00e0 m\u00f4i gi\u1edbi \u0111a t\u00e0i s\u1ea3n h\u00e0ng \u0111\u1ea7u v\u00e0 m\u1edf kh\u00f3a m\u1ed9t th\u1ebf gi\u1edbi kh\u1ea3 n\u0103ng t\u1ea1i NCE.","breadcrumb":{"@id":"https:\/\/www.xnce.com\/vi\/moi-gioi-da-tai-san\/#breadcrumb"},"inLanguage":"vi-VN","potentialAction":[{"@type":"ReadAction","target":["https:\/\/www.xnce.com\/vi\/moi-gioi-da-tai-san\/"]}]},{"@type":"ImageObject","inLanguage":"vi-VN","@id":"https:\/\/www.xnce.com\/vi\/moi-gioi-da-tai-san\/#primaryimage","url":"https:\/\/www.xnce.com\/wp-content\/uploads\/2023\/12\/hd_home-2.jpg","contentUrl":"https:\/\/www.xnce.com\/wp-content\/uploads\/2023\/12\/hd_home-2.jpg","width":1920,"height":1080},{"@type":"BreadcrumbList","@id":"https:\/\/www.xnce.com\/vi\/moi-gioi-da-tai-san\/#breadcrumb","itemListElement":[{"@type":"ListItem","position":1,"name":"Home","item":"https:\/\/www.xnce.com\/vi\/moi-gioi-da-tai-san\/"},{"@type":"ListItem","position":2,"name":"Trang ch\u1ee7"}]},{"@type":"WebSite","@id":"https:\/\/www.xnce.com\/#website","url":"https:\/\/www.xnce.com\/","name":"NCE","description":"","publisher":{"@id":"https:\/\/www.xnce.com\/#organization"},"potentialAction":[{"@type":"SearchAction","target":{"@type":"EntryPoint","urlTemplate":"https:\/\/www.xnce.com\/?s={search_term_string}"},"query-input":{"@type":"PropertyValueSpecification","valueRequired":true,"valueName":"search_term_string"}}],"inLanguage":"vi-VN"},{"@type":"Organization","@id":"https:\/\/www.xnce.com\/#organization","name":"NCE","url":"https:\/\/www.xnce.com\/","logo":{"@type":"ImageObject","inLanguage":"vi-VN","@id":"https:\/\/www.xnce.com\/#\/schema\/logo\/image\/","url":"https:\/\/www.xnce.com\/wp-content\/uploads\/2024\/02\/logo.png","contentUrl":"https:\/\/www.xnce.com\/wp-content\/uploads\/2024\/02\/logo.png","width":185,"height":50,"caption":"NCE"},"image":{"@id":"https:\/\/www.xnce.com\/#\/schema\/logo\/image\/"}}]}},"_links":{"self":[{"href":"https:\/\/www.xnce.com\/vi\/wp-json\/wp\/v2\/pages\/1808","targetHints":{"allow":["GET"]}}],"collection":[{"href":"https:\/\/www.xnce.com\/vi\/wp-json\/wp\/v2\/pages"}],"about":[{"href":"https:\/\/www.xnce.com\/vi\/wp-json\/wp\/v2\/types\/page"}],"author":[{"embeddable":true,"href":"https:\/\/www.xnce.com\/vi\/wp-json\/wp\/v2\/users\/1"}],"replies":[{"embeddable":true,"href":"https:\/\/www.xnce.com\/vi\/wp-json\/wp\/v2\/comments?post=1808"}],"version-history":[{"count":1,"href":"https:\/\/www.xnce.com\/vi\/wp-json\/wp\/v2\/pages\/1808\/revisions"}],"predecessor-version":[{"id":3113,"href":"https:\/\/www.xnce.com\/vi\/wp-json\/wp\/v2\/pages\/1808\/revisions\/3113"}],"wp:featuredmedia":[{"embeddable":true,"href":"https:\/\/www.xnce.com\/vi\/wp-json\/wp\/v2\/media\/1825"}],"wp:attachment":[{"href":"https:\/\/www.xnce.com\/vi\/wp-json\/wp\/v2\/media?parent=1808"}],"curies":[{"name":"wp","href":"https:\/\/api.w.org\/{rel}","templated":true}]}}