{"id":14253,"date":"2026-05-08T17:37:44","date_gmt":"2026-05-08T15:37:44","guid":{"rendered":"https:\/\/www.xnce.com\/quay-so-may-man-2\/"},"modified":"2026-05-09T10:14:53","modified_gmt":"2026-05-09T08:14:53","slug":"lucky-wheel","status":"publish","type":"page","link":"https:\/\/www.xnce.com\/vi\/lucky-wheel\/","title":{"rendered":"X\u1ed5 s\u1ed1 b\u00e1nh xe may m\u1eafn"},"content":{"rendered":"\n<div class=\"nce-lucky-wheel-wrap \" data-lang=\"vi\" data-shortcode-lang=\"vi\" data-page-key=\"lucky-wheel\" style=\"--nce-primary: #b4172b; --nce-secondary: #7d0e1c; --nce-accent: #f1c15c; --nce-bg-start: #ffffff; --nce-bg-end: #ffffff; --nce-bg-border: #ffffff; --nce-panel-bg: #f7f7f7; --nce-panel-border: #f7f7f7; --nce-heading: #161717; --nce-body: #5f626d; --nce-input-bg: #ffffff; --nce-input-border: #ffffff; --nce-button-primary-bg: #da4503; --nce-button-primary-text: #ffffff; --nce-button-secondary-bg: #da4503; --nce-button-secondary-text: #ffffff; --nce-button-spin-bg: #da4503; --nce-button-spin-text: #ffffff; --nce-button-font-size: 1rem; --nce-wheel-text-size: 48px; --nce-font-family: &quot;Avenir Next&quot;,&quot;Segoe UI&quot;,sans-serif;\">\n  \n  <!-- \u2500\u2500 Form section \u2500\u2500\u2500\u2500\u2500\u2500\u2500\u2500\u2500\u2500\u2500\u2500\u2500\u2500\u2500\u2500\u2500\u2500\u2500\u2500\u2500\u2500\u2500 -->\n  <div class=\"nce-lw-row\">\n\n    <div class=\"nce-form-panel\" id=\"nce-form-section\">\n      <div class=\"nce-panel-intro\">\n        <h2>Quay s\u1ed1 may m\u1eafn c\u00f9ng XNCE<\/h2>\n        <p>X\u00e1c minh s\u1ed1 \u0111i\u1ec7n tho\u1ea1i, quay v\u00f2ng quay v\u00e0 nh\u1eadn ph\u1ea7n th\u01b0\u1edfng c\u1ee7a b\u1ea1n.<\/p>\n      <\/div>\n      \n      <form id=\"nce-raffle-form\" autocomplete=\"off\">\n\n        <!-- Full Name -->\n        <div class=\"nce-form-group\">\n          <label for=\"nce-name\">H\u1ecd v\u00e0 t\u00ean<\/label>\n          <input type=\"text\" id=\"nce-name\" name=\"name\" required placeholder=\"Nh\u1eadp h\u1ecd v\u00e0 t\u00ean c\u1ee7a b\u1ea1n\">\n        <\/div>\n\n        <!-- Email -->\n        <div class=\"nce-form-group\">\n          <label for=\"nce-email\">\u0110\u1ecba ch\u1ec9 email<\/label>\n          <input type=\"email\" id=\"nce-email\" name=\"email\" required placeholder=\"you@example.com\">\n        <\/div>\n\n        <!-- Phone -->\n        <div class=\"nce-form-group\">\n          <label for=\"nce-phone\">S\u1ed1 \u0111i\u1ec7n tho\u1ea1i<\/label>\n          <input type=\"tel\" id=\"nce-phone\" name=\"phone\" required>\n        <\/div>\n\n        <!-- Error message -->\n        <div id=\"nce-error-msg\"><\/div>\n\n        <!-- Send OTP -->\n        <button type=\"button\" id=\"nce-send-otp-btn\" class=\"nce-lw-btn nce-lw-btn-primary\">\n          G\u1eedi m\u00e3 x\u00e1c minh        <\/button>\n\n        <!-- Verification code (hidden until OTP sent) -->\n        <div id=\"nce-verif-row\" class=\"nce-form-group\" style=\"display:none;margin-top:14px\">\n          <label for=\"nce-code\">M\u00e3 x\u00e1c minh<\/label>\n          <input type=\"text\" id=\"nce-code\" name=\"code\" maxlength=\"6\" pattern=\"\\d{6}\" inputmode=\"numeric\"\n                 placeholder=\"Nh\u1eadp m\u00e3 6 ch\u1eef s\u1ed1\">\n        <\/div>\n\n        <button type=\"button\" id=\"nce-verify-btn\" class=\"nce-lw-btn nce-lw-btn-success\" style=\"display:none\">\n          X\u00e1c minh s\u1ed1 \u0111i\u1ec7n tho\u1ea1i        <\/button>\n\n      <\/form>\n\n      <!-- Spin button (shown after verify) -->\n      <div id=\"nce-spin-section\">\n        <p>S\u1ed1 \u0111i\u1ec7n tho\u1ea1i \u0111\u00e3 \u0111\u01b0\u1ee3c x\u00e1c minh. H\u00e3y quay v\u00f2ng quay \u0111\u1ec3 xem k\u1ebft qu\u1ea3.<\/p>\n        <button id=\"nce-submit-btn\" class=\"nce-lw-btn nce-lw-btn-spin nce-spin-trigger\">\n          Quay v\u00f2ng quay        <\/button>\n      <\/div>\n\n    <\/div><!-- \/form-panel -->\n\n    <!-- \u2500\u2500 Wheel panel \u2500\u2500\u2500\u2500\u2500\u2500\u2500\u2500\u2500\u2500\u2500\u2500\u2500\u2500\u2500\u2500\u2500\u2500\u2500\u2500\u2500 -->\n    <div class=\"nce-wheel-panel\">\n      <div class=\"nce-wheel-aura\" aria-hidden=\"true\"><\/div>\n      <div class=\"nce-wheel-outer\">\n        <!-- Flashing LED ring (JS populates dots) -->\n        <div class=\"nce-wheel-lights\" aria-hidden=\"true\"><\/div>\n        <!-- Arrow pointer -->\n        <div class=\"nce-wheel-arrow\" aria-hidden=\"true\"><\/div>\n        <!-- Canvas wheel -->\n        <canvas id=\"nce-wheel-canvas\" width=\"760\" height=\"760\"\n                aria-label=\"Lucky Wheel\"><\/canvas>\n      <\/div>\n      <div class=\"nce-wheel-stand\" aria-hidden=\"true\"><\/div>\n    <\/div><!-- \/wheel-panel -->\n\n  <\/div><!-- \/row -->\n\n<\/div><!-- \/wrap -->\n\n<section class=\"prom-sec1\">\n<div class=\"alt-container\">\n<div class=\"row\">\n<div class=\"col-lg-2\"><\/div>\n<div class=\"col-lg-8 col-12\">\n<h2 class=\"text-center\" data-aos=\"fade-up\">T\u1ed5ng quan v\u1ec1 ch\u01b0\u01a1ng tr\u00ecnh b\u1ed1c th\u0103m tr\u00fang th\u01b0\u1edfng<\/h2>\n<\/p><\/div>\n<div class=\"col-lg-2\"><\/div>\n<\/p><\/div>\n<div class=\"row align-items-center mt-lg-5 mt-4\">\n<div class=\"col-lg-1\"><\/div>\n<div class=\"col-lg-10 col-12\">\n<div class=\"row lists\">\n<div class=\"col-12\">\n<div class=\"left-list c-tick-list\" data-aos=\"fade-in\">\n<ol>\n<li>M\u1ed7i s\u1ed1 \u0111i\u1ec7n tho\u1ea1i ch\u1ec9 \u0111\u01b0\u1ee3c ph\u00e9p tham gia r\u00fat th\u0103m tr\u00fang th\u01b0\u1edfng m\u1ed9t l\u1ea7n.<\/li>\n<li>\u0110\u1ec3 nh\u1eadn ti\u1ec1n th\u01b0\u1edfng, qu\u00e1 tr\u00ecnh x\u00e1c minh KYC (X\u00e1c minh danh t\u00ednh kh\u00e1ch h\u00e0ng) ph\u1ea3i \u0111\u01b0\u1ee3c ch\u1ea5p thu\u1eadn v\u00e0 kho\u1ea3n ti\u1ec1n g\u1eedi ban \u0111\u1ea7u kh\u00f4ng \u0111\u01b0\u1ee3c th\u1ea5p h\u01a1n s\u1ed1 ti\u1ec1n th\u01b0\u1edfng.<\/li>\n<li>Ti\u1ec1n th\u01b0\u1edfng s\u1ebd \u0111\u01b0\u1ee3c c\u1ed9ng v\u00e0o t\u00e0i kho\u1ea3n giao d\u1ecbch h\u1ee3p l\u1ec7 d\u01b0\u1edbi d\u1ea1ng t\u00edn d\u1ee5ng. Vui l\u00f2ng kh\u00f4ng giao d\u1ecbch cho \u0111\u1ebfn khi ti\u1ec1n th\u01b0\u1edfng \u0111\u01b0\u1ee3c c\u1ed9ng v\u00e0o t\u00e0i kho\u1ea3n. <\/li>\n<li>Ti\u1ec1n th\u01b0\u1edfng c\u00f3 th\u1ec3 \u0111\u01b0\u1ee3c s\u1eed d\u1ee5ng l\u00e0m ti\u1ec1n k\u00fd qu\u1ef9 v\u00e0 c\u00f3 th\u1ec3 b\u1ecb m\u1ea5t, nh\u01b0ng kh\u00f4ng th\u1ec3 r\u00fat tr\u1ef1c ti\u1ebfp.<\/li>\n<li>Ti\u1ec1n th\u01b0\u1edfng c\u00f3 hi\u1ec7u l\u1ef1c trong 30 ng\u00e0y. Trong th\u1eddi gian n\u00e0y, n\u1ebfu l\u1ee3i nhu\u1eadn t\u00e0i kho\u1ea3n c\u1ee7a b\u1ea1n v\u01b0\u1ee3t qu\u00e1 g\u1ea5p \u0111\u00f4i s\u1ed1 ti\u1ec1n th\u01b0\u1edfng, b\u1ea1n c\u00f3 th\u1ec3 y\u00eau c\u1ea7u chuy\u1ec3n \u0111\u1ed5i ti\u1ec1n th\u01b0\u1edfng th\u00e0nh ti\u1ec1n c\u00f3 th\u1ec3 r\u00fat \u0111\u01b0\u1ee3c m\u00e0 kh\u00f4ng c\u1ea7n gi\u1eef b\u1ea5t k\u1ef3 v\u1ecb th\u1ebf giao d\u1ecbch n\u00e0o \u0111ang m\u1edf. <\/li>\n<li>NCE c\u00f3 quy\u1ec1n lo\u1ea1i b\u1ecf b\u1ea5t k\u1ef3 ng\u01b0\u1eddi d\u00f9ng n\u00e0o n\u1ebfu c\u00f3 nghi ng\u1edd v\u1ec1 vi\u1ec7c l\u1ea1m d\u1ee5ng ho\u1eb7c vi ph\u1ea1m c\u00e1c quy t\u1eafc c\u00f4ng b\u1eb1ng.<\/li>\n<\/ol><\/div>\n<\/p><\/div>\n<\/p><\/div>\n<\/p><\/div>\n<div class=\"col-lg-1\"><\/div>\n<\/p><\/div>\n<\/p><\/div>\n<\/section>\n","protected":false},"excerpt":{"rendered":"<p>T\u1ed5ng quan v\u1ec1 ch\u01b0\u01a1ng tr\u00ecnh b\u1ed1c th\u0103m tr\u00fang th\u01b0\u1edfng M\u1ed7i s\u1ed1 \u0111i\u1ec7n tho\u1ea1i ch\u1ec9 \u0111\u01b0\u1ee3c ph\u00e9p tham gia r\u00fat th\u0103m&#8230;<\/p>\n","protected":false},"author":3,"featured_media":1528,"parent":0,"menu_order":0,"comment_status":"closed","ping_status":"closed","template":"template-lucky-wheel-shortcode.php","meta":{"_monsterinsights_skip_tracking":false,"_monsterinsights_sitenote_active":false,"_monsterinsights_sitenote_note":"","_monsterinsights_sitenote_category":0,"footnotes":""},"class_list":["post-14253","page","type-page","status-publish","has-post-thumbnail","hentry"],"yoast_head":"<!-- This site is optimized with the Yoast SEO plugin v26.6 - https:\/\/yoast.com\/wordpress\/plugins\/seo\/ -->\n<title>X\u1ed5 s\u1ed1 b\u00e1nh xe may m\u1eafn | Ultra-Low Spread ECN Broker | XNCE<\/title>\n<meta name=\"description\" content=\"Ultra-Low Spread ECN Broker | XNCE\" \/>\n<meta name=\"robots\" content=\"index, follow, max-snippet:-1, max-image-preview:large, max-video-preview:-1\" \/>\n<link rel=\"canonical\" href=\"https:\/\/www.xnce.com\/vi\/lucky-wheel\/\" \/>\n<meta property=\"og:locale\" content=\"vi_VN\" \/>\n<meta property=\"og:type\" content=\"article\" \/>\n<meta property=\"og:title\" content=\"X\u1ed5 s\u1ed1 b\u00e1nh xe may m\u1eafn | Ultra-Low Spread ECN Broker | XNCE\" \/>\n<meta property=\"og:description\" content=\"Ultra-Low Spread ECN Broker | XNCE\" \/>\n<meta property=\"og:url\" content=\"https:\/\/www.xnce.com\/vi\/lucky-wheel\/\" \/>\n<meta property=\"og:site_name\" content=\"Ultra-low spread ECN broker | XNCE\" \/>\n<meta property=\"article:modified_time\" content=\"2026-05-09T08:14:53+00:00\" \/>\n<meta property=\"og:image\" content=\"https:\/\/www.xnce.com\/wp-content\/uploads\/2023\/12\/hd_forex_new.jpg\" \/>\n\t<meta property=\"og:image:width\" content=\"1920\" \/>\n\t<meta property=\"og:image:height\" content=\"800\" \/>\n\t<meta property=\"og:image:type\" content=\"image\/jpeg\" \/>\n<meta name=\"twitter:card\" content=\"summary_large_image\" \/>\n<meta name=\"twitter:label1\" content=\"Est. reading time\" \/>\n\t<meta name=\"twitter:data1\" content=\"2 minutes\" \/>\n<script type=\"application\/ld+json\" class=\"yoast-schema-graph\">{\"@context\":\"https:\/\/schema.org\",\"@graph\":[{\"@type\":\"WebPage\",\"@id\":\"https:\/\/www.xnce.com\/vi\/lucky-wheel\/\",\"url\":\"https:\/\/www.xnce.com\/vi\/lucky-wheel\/\",\"name\":\"X\u1ed5 s\u1ed1 b\u00e1nh xe may m\u1eafn | Ultra-Low Spread ECN Broker | XNCE\",\"isPartOf\":{\"@id\":\"https:\/\/www.xnce.com\/#website\"},\"primaryImageOfPage\":{\"@id\":\"https:\/\/www.xnce.com\/vi\/lucky-wheel\/#primaryimage\"},\"image\":{\"@id\":\"https:\/\/www.xnce.com\/vi\/lucky-wheel\/#primaryimage\"},\"thumbnailUrl\":\"https:\/\/www.xnce.com\/wp-content\/uploads\/2023\/12\/hd_forex_new.jpg\",\"datePublished\":\"2026-05-08T15:37:44+00:00\",\"dateModified\":\"2026-05-09T08:14:53+00:00\",\"description\":\"Ultra-Low Spread ECN Broker | XNCE\",\"breadcrumb\":{\"@id\":\"https:\/\/www.xnce.com\/vi\/lucky-wheel\/#breadcrumb\"},\"inLanguage\":\"vi-VN\",\"potentialAction\":[{\"@type\":\"ReadAction\",\"target\":[\"https:\/\/www.xnce.com\/vi\/lucky-wheel\/\"]}]},{\"@type\":\"ImageObject\",\"inLanguage\":\"vi-VN\",\"@id\":\"https:\/\/www.xnce.com\/vi\/lucky-wheel\/#primaryimage\",\"url\":\"https:\/\/www.xnce.com\/wp-content\/uploads\/2023\/12\/hd_forex_new.jpg\",\"contentUrl\":\"https:\/\/www.xnce.com\/wp-content\/uploads\/2023\/12\/hd_forex_new.jpg\",\"width\":1920,\"height\":800},{\"@type\":\"BreadcrumbList\",\"@id\":\"https:\/\/www.xnce.com\/vi\/lucky-wheel\/#breadcrumb\",\"itemListElement\":[{\"@type\":\"ListItem\",\"position\":1,\"name\":\"Home\",\"item\":\"https:\/\/www.xnce.com\/vi\/moi-gioi-da-tai-san\/\"},{\"@type\":\"ListItem\",\"position\":2,\"name\":\"X\u1ed5 s\u1ed1 b\u00e1nh xe may m\u1eafn\"}]},{\"@type\":\"WebSite\",\"@id\":\"https:\/\/www.xnce.com\/#website\",\"url\":\"https:\/\/www.xnce.com\/\",\"name\":\"NCE\",\"description\":\"\",\"publisher\":{\"@id\":\"https:\/\/www.xnce.com\/#organization\"},\"potentialAction\":[{\"@type\":\"SearchAction\",\"target\":{\"@type\":\"EntryPoint\",\"urlTemplate\":\"https:\/\/www.xnce.com\/?s={search_term_string}\"},\"query-input\":{\"@type\":\"PropertyValueSpecification\",\"valueRequired\":true,\"valueName\":\"search_term_string\"}}],\"inLanguage\":\"vi-VN\"},{\"@type\":\"Organization\",\"@id\":\"https:\/\/www.xnce.com\/#organization\",\"name\":\"NCE\",\"url\":\"https:\/\/www.xnce.com\/\",\"logo\":{\"@type\":\"ImageObject\",\"inLanguage\":\"vi-VN\",\"@id\":\"https:\/\/www.xnce.com\/#\/schema\/logo\/image\/\",\"url\":\"https:\/\/www.xnce.com\/wp-content\/uploads\/2024\/02\/logo.png\",\"contentUrl\":\"https:\/\/www.xnce.com\/wp-content\/uploads\/2024\/02\/logo.png\",\"width\":185,\"height\":50,\"caption\":\"NCE\"},\"image\":{\"@id\":\"https:\/\/www.xnce.com\/#\/schema\/logo\/image\/\"}}]}<\/script>\n<!-- \/ Yoast SEO plugin. -->","yoast_head_json":{"title":"X\u1ed5 s\u1ed1 b\u00e1nh xe may m\u1eafn | Ultra-Low Spread ECN Broker | XNCE","description":"Ultra-Low Spread ECN Broker | XNCE","robots":{"index":"index","follow":"follow","max-snippet":"max-snippet:-1","max-image-preview":"max-image-preview:large","max-video-preview":"max-video-preview:-1"},"canonical":"https:\/\/www.xnce.com\/vi\/lucky-wheel\/","og_locale":"vi_VN","og_type":"article","og_title":"X\u1ed5 s\u1ed1 b\u00e1nh xe may m\u1eafn | Ultra-Low Spread ECN Broker | XNCE","og_description":"Ultra-Low Spread ECN Broker | XNCE","og_url":"https:\/\/www.xnce.com\/vi\/lucky-wheel\/","og_site_name":"Ultra-low spread ECN broker | XNCE","article_modified_time":"2026-05-09T08:14:53+00:00","og_image":[{"width":1920,"height":800,"url":"https:\/\/www.xnce.com\/wp-content\/uploads\/2023\/12\/hd_forex_new.jpg","type":"image\/jpeg"}],"twitter_card":"summary_large_image","twitter_misc":{"Est. reading time":"2 minutes"},"schema":{"@context":"https:\/\/schema.org","@graph":[{"@type":"WebPage","@id":"https:\/\/www.xnce.com\/vi\/lucky-wheel\/","url":"https:\/\/www.xnce.com\/vi\/lucky-wheel\/","name":"X\u1ed5 s\u1ed1 b\u00e1nh xe may m\u1eafn | Ultra-Low Spread ECN Broker | XNCE","isPartOf":{"@id":"https:\/\/www.xnce.com\/#website"},"primaryImageOfPage":{"@id":"https:\/\/www.xnce.com\/vi\/lucky-wheel\/#primaryimage"},"image":{"@id":"https:\/\/www.xnce.com\/vi\/lucky-wheel\/#primaryimage"},"thumbnailUrl":"https:\/\/www.xnce.com\/wp-content\/uploads\/2023\/12\/hd_forex_new.jpg","datePublished":"2026-05-08T15:37:44+00:00","dateModified":"2026-05-09T08:14:53+00:00","description":"Ultra-Low Spread ECN Broker | XNCE","breadcrumb":{"@id":"https:\/\/www.xnce.com\/vi\/lucky-wheel\/#breadcrumb"},"inLanguage":"vi-VN","potentialAction":[{"@type":"ReadAction","target":["https:\/\/www.xnce.com\/vi\/lucky-wheel\/"]}]},{"@type":"ImageObject","inLanguage":"vi-VN","@id":"https:\/\/www.xnce.com\/vi\/lucky-wheel\/#primaryimage","url":"https:\/\/www.xnce.com\/wp-content\/uploads\/2023\/12\/hd_forex_new.jpg","contentUrl":"https:\/\/www.xnce.com\/wp-content\/uploads\/2023\/12\/hd_forex_new.jpg","width":1920,"height":800},{"@type":"BreadcrumbList","@id":"https:\/\/www.xnce.com\/vi\/lucky-wheel\/#breadcrumb","itemListElement":[{"@type":"ListItem","position":1,"name":"Home","item":"https:\/\/www.xnce.com\/vi\/moi-gioi-da-tai-san\/"},{"@type":"ListItem","position":2,"name":"X\u1ed5 s\u1ed1 b\u00e1nh xe may m\u1eafn"}]},{"@type":"WebSite","@id":"https:\/\/www.xnce.com\/#website","url":"https:\/\/www.xnce.com\/","name":"NCE","description":"","publisher":{"@id":"https:\/\/www.xnce.com\/#organization"},"potentialAction":[{"@type":"SearchAction","target":{"@type":"EntryPoint","urlTemplate":"https:\/\/www.xnce.com\/?s={search_term_string}"},"query-input":{"@type":"PropertyValueSpecification","valueRequired":true,"valueName":"search_term_string"}}],"inLanguage":"vi-VN"},{"@type":"Organization","@id":"https:\/\/www.xnce.com\/#organization","name":"NCE","url":"https:\/\/www.xnce.com\/","logo":{"@type":"ImageObject","inLanguage":"vi-VN","@id":"https:\/\/www.xnce.com\/#\/schema\/logo\/image\/","url":"https:\/\/www.xnce.com\/wp-content\/uploads\/2024\/02\/logo.png","contentUrl":"https:\/\/www.xnce.com\/wp-content\/uploads\/2024\/02\/logo.png","width":185,"height":50,"caption":"NCE"},"image":{"@id":"https:\/\/www.xnce.com\/#\/schema\/logo\/image\/"}}]}},"_links":{"self":[{"href":"https:\/\/www.xnce.com\/vi\/wp-json\/wp\/v2\/pages\/14253","targetHints":{"allow":["GET"]}}],"collection":[{"href":"https:\/\/www.xnce.com\/vi\/wp-json\/wp\/v2\/pages"}],"about":[{"href":"https:\/\/www.xnce.com\/vi\/wp-json\/wp\/v2\/types\/page"}],"author":[{"embeddable":true,"href":"https:\/\/www.xnce.com\/vi\/wp-json\/wp\/v2\/users\/3"}],"replies":[{"embeddable":true,"href":"https:\/\/www.xnce.com\/vi\/wp-json\/wp\/v2\/comments?post=14253"}],"version-history":[{"count":7,"href":"https:\/\/www.xnce.com\/vi\/wp-json\/wp\/v2\/pages\/14253\/revisions"}],"predecessor-version":[{"id":14411,"href":"https:\/\/www.xnce.com\/vi\/wp-json\/wp\/v2\/pages\/14253\/revisions\/14411"}],"wp:featuredmedia":[{"embeddable":true,"href":"https:\/\/www.xnce.com\/vi\/wp-json\/wp\/v2\/media\/1528"}],"wp:attachment":[{"href":"https:\/\/www.xnce.com\/vi\/wp-json\/wp\/v2\/media?parent=14253"}],"curies":[{"name":"wp","href":"https:\/\/api.w.org\/{rel}","templated":true}]}}