{"id":1159,"date":"2023-12-11T12:22:07","date_gmt":"2023-12-11T10:22:07","guid":{"rendered":"https:\/\/www.xnce.com\/chia-se\/"},"modified":"2024-03-07T11:11:55","modified_gmt":"2024-03-07T09:11:55","slug":"shares","status":"publish","type":"page","link":"https:\/\/www.xnce.com\/vi\/trading\/products\/shares\/","title":{"rendered":"Chia s\u1ebb"},"content":{"rendered":"<p>\u0110a d\u1ea1ng h\u00f3a v\u00e0 c\u1ee7ng c\u1ed1 danh m\u1ee5c \u0111\u1ea7u t\u01b0 c\u1ee7a b\u1ea1n b\u1eb1ng c\u00e1ch \u0111\u1ea7u t\u01b0 chi\u1ebfn l\u01b0\u1ee3c v\u00e0o m\u1ed9t s\u1ed1 c\u00f4ng ty h\u00e0ng \u0111\u1ea7u th\u1ebf gi\u1edbi, bao g\u1ed3m nh\u1eefng g\u00e3 kh\u1ed5ng l\u1ed3 c\u00f4ng ngh\u1ec7 nh\u01b0 Apple, Meta v\u00e0 Tesla.<\/p>\n","protected":false},"excerpt":{"rendered":"<p>\u0110a d\u1ea1ng h\u00f3a v\u00e0 c\u1ee7ng c\u1ed1 danh m\u1ee5c \u0111\u1ea7u t\u01b0 c\u1ee7a b\u1ea1n b\u1eb1ng c\u00e1ch \u0111\u1ea7u t\u01b0 chi\u1ebfn l\u01b0\u1ee3c v\u00e0o m\u1ed9t&#8230;<\/p>\n","protected":false},"author":1,"featured_media":1161,"parent":1522,"menu_order":0,"comment_status":"closed","ping_status":"closed","template":"template-products.php","meta":{"_monsterinsights_skip_tracking":false,"_monsterinsights_sitenote_active":false,"_monsterinsights_sitenote_note":"","_monsterinsights_sitenote_category":0,"footnotes":""},"class_list":["post-1159","page","type-page","status-publish","has-post-thumbnail","hentry"],"yoast_head":"<!-- This site is optimized with the Yoast SEO plugin v26.6 - https:\/\/yoast.com\/wordpress\/plugins\/seo\/ -->\n<title>Chia s\u1ebb | Ultra-Low Spread ECN Broker | XNCE<\/title>\n<meta name=\"description\" content=\"\u0110a d\u1ea1ng h\u00f3a v\u00e0 c\u1ee7ng c\u1ed1 danh m\u1ee5c \u0111\u1ea7u t\u01b0 c\u1ee7a b\u1ea1n b\u1eb1ng c\u00e1ch \u0111\u1ea7u t\u01b0 chi\u1ebfn l\u01b0\u1ee3c v\u00e0o m\u1ed9t s\u1ed1 c\u00f4ng ty h\u00e0ng \u0111\u1ea7u th\u1ebf gi\u1edbi, bao g\u1ed3m nh\u1eefng g\u00e3 kh\u1ed5ng l\u1ed3 c\u00f4ng ngh\u1ec7 nh\u01b0 Apple, Meta v\u00e0 Tesla.\" \/>\n<meta name=\"robots\" content=\"index, follow, max-snippet:-1, max-image-preview:large, max-video-preview:-1\" \/>\n<link rel=\"canonical\" href=\"https:\/\/www.xnce.com\/vi\/kinh-doanh\/san-pham\/chia-se\/\" \/>\n<meta property=\"og:locale\" content=\"vi_VN\" \/>\n<meta property=\"og:type\" content=\"article\" \/>\n<meta property=\"og:title\" content=\"Chia s\u1ebb | Ultra-Low Spread ECN Broker | XNCE\" \/>\n<meta property=\"og:description\" content=\"\u0110a d\u1ea1ng h\u00f3a v\u00e0 c\u1ee7ng c\u1ed1 danh m\u1ee5c \u0111\u1ea7u t\u01b0 c\u1ee7a b\u1ea1n b\u1eb1ng c\u00e1ch \u0111\u1ea7u t\u01b0 chi\u1ebfn l\u01b0\u1ee3c v\u00e0o m\u1ed9t s\u1ed1 c\u00f4ng ty h\u00e0ng \u0111\u1ea7u th\u1ebf gi\u1edbi, bao g\u1ed3m nh\u1eefng g\u00e3 kh\u1ed5ng l\u1ed3 c\u00f4ng ngh\u1ec7 nh\u01b0 Apple, Meta v\u00e0 Tesla.\" \/>\n<meta property=\"og:url\" content=\"https:\/\/www.xnce.com\/vi\/kinh-doanh\/san-pham\/chia-se\/\" \/>\n<meta property=\"og:site_name\" content=\"Ultra-low spread ECN broker | XNCE\" \/>\n<meta property=\"article:modified_time\" content=\"2024-03-07T09:11:55+00:00\" \/>\n<meta property=\"og:image\" content=\"https:\/\/www.xnce.com\/wp-content\/uploads\/2023\/12\/hd_shares.jpg\" \/>\n\t<meta property=\"og:image:width\" content=\"1920\" \/>\n\t<meta property=\"og:image:height\" content=\"800\" \/>\n\t<meta property=\"og:image:type\" content=\"image\/jpeg\" \/>\n<meta name=\"twitter:card\" content=\"summary_large_image\" \/>\n<script type=\"application\/ld+json\" class=\"yoast-schema-graph\">{\"@context\":\"https:\/\/schema.org\",\"@graph\":[{\"@type\":\"WebPage\",\"@id\":\"https:\/\/www.xnce.com\/vi\/kinh-doanh\/san-pham\/chia-se\/\",\"url\":\"https:\/\/www.xnce.com\/vi\/kinh-doanh\/san-pham\/chia-se\/\",\"name\":\"Chia s\u1ebb | Ultra-Low Spread ECN Broker | XNCE\",\"isPartOf\":{\"@id\":\"https:\/\/www.xnce.com\/#website\"},\"primaryImageOfPage\":{\"@id\":\"https:\/\/www.xnce.com\/vi\/kinh-doanh\/san-pham\/chia-se\/#primaryimage\"},\"image\":{\"@id\":\"https:\/\/www.xnce.com\/vi\/kinh-doanh\/san-pham\/chia-se\/#primaryimage\"},\"thumbnailUrl\":\"https:\/\/www.xnce.com\/wp-content\/uploads\/2023\/12\/hd_shares.jpg\",\"datePublished\":\"2023-12-11T10:22:07+00:00\",\"dateModified\":\"2024-03-07T09:11:55+00:00\",\"description\":\"\u0110a d\u1ea1ng h\u00f3a v\u00e0 c\u1ee7ng c\u1ed1 danh m\u1ee5c \u0111\u1ea7u t\u01b0 c\u1ee7a b\u1ea1n b\u1eb1ng c\u00e1ch \u0111\u1ea7u t\u01b0 chi\u1ebfn l\u01b0\u1ee3c v\u00e0o m\u1ed9t s\u1ed1 c\u00f4ng ty h\u00e0ng \u0111\u1ea7u th\u1ebf gi\u1edbi, bao g\u1ed3m nh\u1eefng g\u00e3 kh\u1ed5ng l\u1ed3 c\u00f4ng ngh\u1ec7 nh\u01b0 Apple, Meta v\u00e0 Tesla.\",\"breadcrumb\":{\"@id\":\"https:\/\/www.xnce.com\/vi\/kinh-doanh\/san-pham\/chia-se\/#breadcrumb\"},\"inLanguage\":\"vi-VN\",\"potentialAction\":[{\"@type\":\"ReadAction\",\"target\":[\"https:\/\/www.xnce.com\/vi\/kinh-doanh\/san-pham\/chia-se\/\"]}]},{\"@type\":\"ImageObject\",\"inLanguage\":\"vi-VN\",\"@id\":\"https:\/\/www.xnce.com\/vi\/kinh-doanh\/san-pham\/chia-se\/#primaryimage\",\"url\":\"https:\/\/www.xnce.com\/wp-content\/uploads\/2023\/12\/hd_shares.jpg\",\"contentUrl\":\"https:\/\/www.xnce.com\/wp-content\/uploads\/2023\/12\/hd_shares.jpg\",\"width\":1920,\"height\":800},{\"@type\":\"BreadcrumbList\",\"@id\":\"https:\/\/www.xnce.com\/vi\/kinh-doanh\/san-pham\/chia-se\/#breadcrumb\",\"itemListElement\":[{\"@type\":\"ListItem\",\"position\":1,\"name\":\"Home\",\"item\":\"https:\/\/www.xnce.com\/vi\/moi-gioi-da-tai-san\/\"},{\"@type\":\"ListItem\",\"position\":2,\"name\":\"Kinh doanh\",\"item\":\"https:\/\/www.xnce.com\/vi\/kinh-doanh\/\"},{\"@type\":\"ListItem\",\"position\":3,\"name\":\"S\u1ea3n ph\u1ea9m\",\"item\":\"https:\/\/www.xnce.com\/vi\/kinh-doanh\/san-pham\/\"},{\"@type\":\"ListItem\",\"position\":4,\"name\":\"Chia s\u1ebb\"}]},{\"@type\":\"WebSite\",\"@id\":\"https:\/\/www.xnce.com\/#website\",\"url\":\"https:\/\/www.xnce.com\/\",\"name\":\"NCE\",\"description\":\"\",\"publisher\":{\"@id\":\"https:\/\/www.xnce.com\/#organization\"},\"potentialAction\":[{\"@type\":\"SearchAction\",\"target\":{\"@type\":\"EntryPoint\",\"urlTemplate\":\"https:\/\/www.xnce.com\/?s={search_term_string}\"},\"query-input\":{\"@type\":\"PropertyValueSpecification\",\"valueRequired\":true,\"valueName\":\"search_term_string\"}}],\"inLanguage\":\"vi-VN\"},{\"@type\":\"Organization\",\"@id\":\"https:\/\/www.xnce.com\/#organization\",\"name\":\"NCE\",\"url\":\"https:\/\/www.xnce.com\/\",\"logo\":{\"@type\":\"ImageObject\",\"inLanguage\":\"vi-VN\",\"@id\":\"https:\/\/www.xnce.com\/#\/schema\/logo\/image\/\",\"url\":\"https:\/\/www.xnce.com\/wp-content\/uploads\/2024\/02\/logo.png\",\"contentUrl\":\"https:\/\/www.xnce.com\/wp-content\/uploads\/2024\/02\/logo.png\",\"width\":185,\"height\":50,\"caption\":\"NCE\"},\"image\":{\"@id\":\"https:\/\/www.xnce.com\/#\/schema\/logo\/image\/\"}}]}<\/script>\n<!-- \/ Yoast SEO plugin. -->","yoast_head_json":{"title":"Chia s\u1ebb | Ultra-Low Spread ECN Broker | XNCE","description":"\u0110a d\u1ea1ng h\u00f3a v\u00e0 c\u1ee7ng c\u1ed1 danh m\u1ee5c \u0111\u1ea7u t\u01b0 c\u1ee7a b\u1ea1n b\u1eb1ng c\u00e1ch \u0111\u1ea7u t\u01b0 chi\u1ebfn l\u01b0\u1ee3c v\u00e0o m\u1ed9t s\u1ed1 c\u00f4ng ty h\u00e0ng \u0111\u1ea7u th\u1ebf gi\u1edbi, bao g\u1ed3m nh\u1eefng g\u00e3 kh\u1ed5ng l\u1ed3 c\u00f4ng ngh\u1ec7 nh\u01b0 Apple, Meta v\u00e0 Tesla.","robots":{"index":"index","follow":"follow","max-snippet":"max-snippet:-1","max-image-preview":"max-image-preview:large","max-video-preview":"max-video-preview:-1"},"canonical":"https:\/\/www.xnce.com\/vi\/kinh-doanh\/san-pham\/chia-se\/","og_locale":"vi_VN","og_type":"article","og_title":"Chia s\u1ebb | Ultra-Low Spread ECN Broker | XNCE","og_description":"\u0110a d\u1ea1ng h\u00f3a v\u00e0 c\u1ee7ng c\u1ed1 danh m\u1ee5c \u0111\u1ea7u t\u01b0 c\u1ee7a b\u1ea1n b\u1eb1ng c\u00e1ch \u0111\u1ea7u t\u01b0 chi\u1ebfn l\u01b0\u1ee3c v\u00e0o m\u1ed9t s\u1ed1 c\u00f4ng ty h\u00e0ng \u0111\u1ea7u th\u1ebf gi\u1edbi, bao g\u1ed3m nh\u1eefng g\u00e3 kh\u1ed5ng l\u1ed3 c\u00f4ng ngh\u1ec7 nh\u01b0 Apple, Meta v\u00e0 Tesla.","og_url":"https:\/\/www.xnce.com\/vi\/kinh-doanh\/san-pham\/chia-se\/","og_site_name":"Ultra-low spread ECN broker | XNCE","article_modified_time":"2024-03-07T09:11:55+00:00","og_image":[{"width":1920,"height":800,"url":"https:\/\/www.xnce.com\/wp-content\/uploads\/2023\/12\/hd_shares.jpg","type":"image\/jpeg"}],"twitter_card":"summary_large_image","schema":{"@context":"https:\/\/schema.org","@graph":[{"@type":"WebPage","@id":"https:\/\/www.xnce.com\/vi\/kinh-doanh\/san-pham\/chia-se\/","url":"https:\/\/www.xnce.com\/vi\/kinh-doanh\/san-pham\/chia-se\/","name":"Chia s\u1ebb | Ultra-Low Spread ECN Broker | XNCE","isPartOf":{"@id":"https:\/\/www.xnce.com\/#website"},"primaryImageOfPage":{"@id":"https:\/\/www.xnce.com\/vi\/kinh-doanh\/san-pham\/chia-se\/#primaryimage"},"image":{"@id":"https:\/\/www.xnce.com\/vi\/kinh-doanh\/san-pham\/chia-se\/#primaryimage"},"thumbnailUrl":"https:\/\/www.xnce.com\/wp-content\/uploads\/2023\/12\/hd_shares.jpg","datePublished":"2023-12-11T10:22:07+00:00","dateModified":"2024-03-07T09:11:55+00:00","description":"\u0110a d\u1ea1ng h\u00f3a v\u00e0 c\u1ee7ng c\u1ed1 danh m\u1ee5c \u0111\u1ea7u t\u01b0 c\u1ee7a b\u1ea1n b\u1eb1ng c\u00e1ch \u0111\u1ea7u t\u01b0 chi\u1ebfn l\u01b0\u1ee3c v\u00e0o m\u1ed9t s\u1ed1 c\u00f4ng ty h\u00e0ng \u0111\u1ea7u th\u1ebf gi\u1edbi, bao g\u1ed3m nh\u1eefng g\u00e3 kh\u1ed5ng l\u1ed3 c\u00f4ng ngh\u1ec7 nh\u01b0 Apple, Meta v\u00e0 Tesla.","breadcrumb":{"@id":"https:\/\/www.xnce.com\/vi\/kinh-doanh\/san-pham\/chia-se\/#breadcrumb"},"inLanguage":"vi-VN","potentialAction":[{"@type":"ReadAction","target":["https:\/\/www.xnce.com\/vi\/kinh-doanh\/san-pham\/chia-se\/"]}]},{"@type":"ImageObject","inLanguage":"vi-VN","@id":"https:\/\/www.xnce.com\/vi\/kinh-doanh\/san-pham\/chia-se\/#primaryimage","url":"https:\/\/www.xnce.com\/wp-content\/uploads\/2023\/12\/hd_shares.jpg","contentUrl":"https:\/\/www.xnce.com\/wp-content\/uploads\/2023\/12\/hd_shares.jpg","width":1920,"height":800},{"@type":"BreadcrumbList","@id":"https:\/\/www.xnce.com\/vi\/kinh-doanh\/san-pham\/chia-se\/#breadcrumb","itemListElement":[{"@type":"ListItem","position":1,"name":"Home","item":"https:\/\/www.xnce.com\/vi\/moi-gioi-da-tai-san\/"},{"@type":"ListItem","position":2,"name":"Kinh doanh","item":"https:\/\/www.xnce.com\/vi\/kinh-doanh\/"},{"@type":"ListItem","position":3,"name":"S\u1ea3n ph\u1ea9m","item":"https:\/\/www.xnce.com\/vi\/kinh-doanh\/san-pham\/"},{"@type":"ListItem","position":4,"name":"Chia s\u1ebb"}]},{"@type":"WebSite","@id":"https:\/\/www.xnce.com\/#website","url":"https:\/\/www.xnce.com\/","name":"NCE","description":"","publisher":{"@id":"https:\/\/www.xnce.com\/#organization"},"potentialAction":[{"@type":"SearchAction","target":{"@type":"EntryPoint","urlTemplate":"https:\/\/www.xnce.com\/?s={search_term_string}"},"query-input":{"@type":"PropertyValueSpecification","valueRequired":true,"valueName":"search_term_string"}}],"inLanguage":"vi-VN"},{"@type":"Organization","@id":"https:\/\/www.xnce.com\/#organization","name":"NCE","url":"https:\/\/www.xnce.com\/","logo":{"@type":"ImageObject","inLanguage":"vi-VN","@id":"https:\/\/www.xnce.com\/#\/schema\/logo\/image\/","url":"https:\/\/www.xnce.com\/wp-content\/uploads\/2024\/02\/logo.png","contentUrl":"https:\/\/www.xnce.com\/wp-content\/uploads\/2024\/02\/logo.png","width":185,"height":50,"caption":"NCE"},"image":{"@id":"https:\/\/www.xnce.com\/#\/schema\/logo\/image\/"}}]}},"_links":{"self":[{"href":"https:\/\/www.xnce.com\/vi\/wp-json\/wp\/v2\/pages\/1159","targetHints":{"allow":["GET"]}}],"collection":[{"href":"https:\/\/www.xnce.com\/vi\/wp-json\/wp\/v2\/pages"}],"about":[{"href":"https:\/\/www.xnce.com\/vi\/wp-json\/wp\/v2\/types\/page"}],"author":[{"embeddable":true,"href":"https:\/\/www.xnce.com\/vi\/wp-json\/wp\/v2\/users\/1"}],"replies":[{"embeddable":true,"href":"https:\/\/www.xnce.com\/vi\/wp-json\/wp\/v2\/comments?post=1159"}],"version-history":[{"count":1,"href":"https:\/\/www.xnce.com\/vi\/wp-json\/wp\/v2\/pages\/1159\/revisions"}],"predecessor-version":[{"id":1533,"href":"https:\/\/www.xnce.com\/vi\/wp-json\/wp\/v2\/pages\/1159\/revisions\/1533"}],"up":[{"embeddable":true,"href":"https:\/\/www.xnce.com\/vi\/wp-json\/wp\/v2\/pages\/1522"}],"wp:featuredmedia":[{"embeddable":true,"href":"https:\/\/www.xnce.com\/vi\/wp-json\/wp\/v2\/media\/1161"}],"wp:attachment":[{"href":"https:\/\/www.xnce.com\/vi\/wp-json\/wp\/v2\/media?parent=1159"}],"curies":[{"name":"wp","href":"https:\/\/api.w.org\/{rel}","templated":true}]}}